{"id":562,"date":"2019-02-04T08:25:14","date_gmt":"2019-02-04T08:25:14","guid":{"rendered":"http:\/\/localhost\/boldman\/boldman-theme\/?page_id=562"},"modified":"2023-03-07T06:47:10","modified_gmt":"2023-03-07T06:47:10","slug":"fatih-makina-iletisim","status":"publish","type":"page","link":"https:\/\/www.fatihmakina.com\/en\/fatih-makina-iletisim\/","title":{"rendered":"\u0130leti\u015fim"},"content":{"rendered":"<div data-vc-full-width=\"true\" data-vc-full-width-init=\"false\" data-vc-stretch-content=\"true\" class=\"tm-row wpb_row vc_row-fluid vc_custom_1549254717163 tm-zindex-0 tm-bgimage-position-center_center vc_row\">\n\n\t\t\n\t\t\n\t\t\n\n<div class=\"wpb_column tm-column vc_column_container vc_col-sm-12 tm-zindex-0\">\n\t<div class=\"vc_column-inner vc_custom_1549254413433\">\n\t\t\t\t<div class=\"wpb_wrapper\">\n\t\t\t<div class=\"wpb_gmaps_widget wpb_content_element\"><div class=\"wpb_wrapper\"><div class=\"wpb_map_wraper\"><iframe src=\"https:\/\/www.google.com\/maps\/embed?pb=!1m14!1m8!1m3!1d12446.3041113351!2d35.350623!3d38.7504903!3m2!1i1024!2i768!4f13.1!3m3!1m2!1s0x152b04ffce1db41b%3A0xcab3585d90d78112!2sFatih%20Makina!5e0!3m2!1str!2str!4v1676407412330!5m2!1str!2str\" width=\"600\" height=\"450\" style=\"border:0;\" allowfullscreen=\"\" loading=\"lazy\" referrerpolicy=\"no-referrer-when-downgrade\"><\/iframe><\/div><\/div><\/div>\t\t<\/div>\n\t<\/div>\n<\/div>\n\n\n\n\t\t\n\t<\/div>\n\n\n<div class=\"vc_row-full-width vc_clearfix\"><\/div>\n\n\n\n\n\n\n\n\n<div data-vc-full-width=\"true\" data-vc-full-width-init=\"false\" class=\"tm-row wpb_row vc_row-fluid vc_custom_1550063964251 tm-responsive-custom-55639100 tm-zindex-0 tm-bgimage-position-center_center\">\n\n\t\t\n\t <div class=\"vc_row container\"> \t\n\t\t\n\n<div class=\"wpb_column tm-column vc_column_container vc_col-sm-7 tm-zindex-0\">\n\t<div class=\"vc_column-inner vc_custom_1550064056914 tm-responsive-custom-63016091\">\n\t\t\t\t<div class=\"wpb_wrapper\">\n\t\t\t<div class=\"tm-element-heading-wrapper tm-heading-inner tm-element-align-left tm-seperator-solid tm-heading-style-vertical\"><section class=\"tm-vc_cta3-container\"><div class=\"tm-vc_general tm-vc_cta3 tm-cta3-only tm-vc_cta3-style-classic tm-vc_cta3-shape-rounded tm-vc_cta3-align-left tm-vc_cta3-color-transparent tm-vc_cta3-icon-size-md tm-vc_cta3-actions-no tm-cta3-with-desc\"><div class=\"tm-vc_cta3_content-container\"><div class=\"tm-vc_cta3-content\"><header class=\"tm-vc_cta3-content-header tm-wrap\"><div class=\"tm-vc_cta3-headers tm-wrap-cell\"><h4 class=\"tm-custom-heading\" >Get In Touch<\/h4>\n<h2 class=\"tm-custom-heading\" >\u0130leti\u015fim Formu<\/h2>\n<\/div><\/header><div class=\"tm-cta3-content-wrapper\"><p>H\u0131zl\u0131 \u0130leti\u015fim \u0130\u00e7in Whatsapp\u00a0 mesaj g\u00f6ndermeyi de\u011ferlendirebilirsiniz. Dilerseniz \u0130leti\u015fim Formundan da Ula\u015fabilirsiniz.<\/p><\/div><\/div><\/div><\/div><\/section><\/div> <!-- .tm-element-heading-wrapper container --> \n<div class=\"tm-row-inner vc_row wpb_row vc_inner vc_row-fluid tm-zindex-0\">\n\t\n<div class=\"wpb_column tm-column-inner vc_column_container vc_col-sm-12 tm-zindex-0\">\n\t<div class=\"vc_column-inner\">\n\t\t \n\t\t<div class=\"wpb_wrapper tm_column_wrapper\">\n\t\t\t<div class=\"wpcf7 no-js\" id=\"wpcf7-f577-o1\" lang=\"en-US\" dir=\"ltr\">\n<div class=\"screen-reader-response\"><p role=\"status\" aria-live=\"polite\" aria-atomic=\"true\"><\/p> <ul><\/ul><\/div>\n<form action=\"\/en\/wp-json\/wp\/v2\/pages\/562#wpcf7-f577-o1\" method=\"post\" class=\"wpcf7-form init\" aria-label=\"Contact form\" novalidate=\"novalidate\" data-status=\"init\" data-trp-original-action=\"\/en\/wp-json\/wp\/v2\/pages\/562#wpcf7-f577-o1\">\n<div style=\"display: none;\">\n<input type=\"hidden\" name=\"_wpcf7\" value=\"577\" \/>\n<input type=\"hidden\" name=\"_wpcf7_version\" value=\"5.7.1\" \/>\n<input type=\"hidden\" name=\"_wpcf7_locale\" value=\"en_US\" \/>\n<input type=\"hidden\" name=\"_wpcf7_unit_tag\" value=\"wpcf7-f577-o1\" \/>\n<input type=\"hidden\" name=\"_wpcf7_container_post\" value=\"0\" \/>\n<input type=\"hidden\" name=\"_wpcf7_posted_data_hash\" value=\"\" \/>\n<\/div>\n<div class=\"tm-commonform contactform-1\">\n\t<div class=\"row\">\n\t\t<div class=\"col-md-6\">\n\t\t\t<div class=\"field-group\">\n\t\t\t\t<p><i class=\"tm-skincolor ti-user\"><\/i><span class=\"wpcf7-form-control-wrap\" data-name=\"your-name\"><input size=\"40\" class=\"wpcf7-form-control wpcf7-text wpcf7-validates-as-required\" aria-required=\"true\" aria-invalid=\"false\" placeholder=\"\u0130sim Soyisim\" value=\"\" type=\"text\" name=\"your-name\" \/><\/span>\n\t\t\t\t<\/p>\n\t\t\t<\/div>\n\t\t<\/div>\n\t\t<div class=\"col-md-6\">\n\t\t\t<div class=\"field-group\">\n\t\t\t\t<p><i class=\"tm-skincolor ti-mobile\"><\/i><span class=\"wpcf7-form-control-wrap\" data-name=\"your-phone\"><input size=\"40\" class=\"wpcf7-form-control wpcf7-text wpcf7-validates-as-required\" aria-required=\"true\" aria-invalid=\"false\" placeholder=\"Telefon\" value=\"\" type=\"text\" name=\"your-phone\" \/><\/span>\n\t\t\t\t<\/p>\n\t\t\t<\/div>\n\t\t<\/div>\n\t<\/div>\n\t<div class=\"row\">\n\t\t<div class=\"col-md-6\">\n\t\t\t<div class=\"field-group\">\n\t\t\t\t<p><i class=\"tm-skincolor ti-email\"><\/i><span class=\"wpcf7-form-control-wrap\" data-name=\"your-email\"><input size=\"40\" class=\"wpcf7-form-control wpcf7-text wpcf7-email wpcf7-validates-as-required wpcf7-validates-as-email\" aria-required=\"true\" aria-invalid=\"false\" placeholder=\"E-Posta\" value=\"\" type=\"email\" name=\"your-email\" \/><\/span>\n\t\t\t\t<\/p>\n\t\t\t<\/div>\n\t\t<\/div>\n\t\t<div class=\"col-md-6\">\n\t\t\t<div class=\"field-group\">\n\t\t\t\t<p><i class=\"tm-skincolor ti-location-pin\"><\/i><span class=\"wpcf7-form-control-wrap\" data-name=\"your-venue\"><input size=\"40\" class=\"wpcf7-form-control wpcf7-text wpcf7-validates-as-required\" aria-required=\"true\" aria-invalid=\"false\" placeholder=\"\u015eehir\" value=\"\" type=\"text\" name=\"your-venue\" \/><\/span>\n\t\t\t\t<\/p>\n\t\t\t<\/div>\n\t\t<\/div>\n\t<\/div>\n\t<div class=\"row\">\n\t\t<div class=\"col-md-12\">\n\t\t\t<div class=\"field-group\">\n\t\t\t\t<p><i class=\"tm-skincolor ti-comment\"><\/i><span class=\"wpcf7-form-control-wrap\" data-name=\"your-message\"><textarea cols=\"40\" rows=\"1\" class=\"wpcf7-form-control wpcf7-textarea wpcf7-validates-as-required\" aria-required=\"true\" aria-invalid=\"false\" placeholder=\"\u0130stek ve Mesaj\u0131n\u0131z\" name=\"your-message\"><\/textarea><\/span>\n\t\t\t\t<\/p>\n\t\t\t<\/div>\n\t\t<\/div>\n\t<\/div>\n\t<div>\n\t\t<p><input class=\"wpcf7-form-control has-spinner wpcf7-submit tm-vc_general tm-vc_btn3 tm-vc_btn3-shape-square tm-vc_btn3-color-black tm-vc_btn3-style-outline\" type=\"submit\" value=\"Talebi G\u00f6nder\" \/>\n\t\t<\/p>\n\t<div class=\"wpcf7-response-output\" aria-hidden=\"true\"><\/div>\n\t<\/div>\n<\/div><input type=\"hidden\" name=\"trp-form-language\" value=\"en\"\/><\/form><\/div>\t\t<\/div>\n\t<\/div>\n<\/div>\n\n<\/div>\n\n\t\t<\/div>\n\t<\/div>\n<\/div>\n\n\n\n\n\n<div class=\"tm-rounded-shadow-box wpb_column tm-column vc_column_container vc_col-sm-5 tm-colum-shadow-box tm-zindex-0\">\n\t<div class=\"vc_column-inner  tm-col-bgcolor-white tm-col-bgcolor-yes\">\n\t\t<div class=\"tm-col-wrapper-bg-layer tm-bg-layer tm-bgimage-position-center_center\"><div class=\"tm-bg-layer-inner\"><\/div><\/div>\t\t<div class=\"wpb_wrapper\">\n\t\t\t\n<div class=\"tm-row-inner vc_row wpb_row vc_inner vc_row-fluid vc_custom_1550064129482 tm-responsive-custom-77368950 tm-zindex-0\">\n\t\n<div class=\"wpb_column tm-column-inner vc_column_container vc_col-sm-12 tm-zindex-0\">\n\t<div class=\"vc_column-inner\">\n\t\t \n\t\t<div class=\"wpb_wrapper tm_column_wrapper\">\n\t\t\t<h4 style=\"text-align:left;\" class=\"tm-custom-heading\" >\u0130leti\u015fim<\/h4>\n<ul class=\"boldman_contact_widget_wrapper themetechmount_vc_contact_wrapper\"><li class=\"themetechmount-contact-address  tm-boldman-icon-location-pin\">ANBAR MAH. 2965. CAD. NO:3<br \/>\nMelikgazi \/ KAYSER\u0130<\/li><li class=\"themetechmount-contact-phonenumber tm-boldman-icon-mobile\">(0352) 336 36 65<br \/>\n(0535) 302 95 37<\/li><li class=\"themetechmount-contact-email tm-boldman-icon-comment-1\"><a href=\"mailto:info@fatihmakina.com satis@fatihmakina.com\">info@fatihmakina.com satis@fatihmakina.com<\/a><\/li><li class=\"themetechmount-contact-website tm-boldman-icon-world\"><a href=\"https:\/\/www.fatihmakina.com\/en\/\">http:\/\/www.fatihmakina.com<\/a><\/li><\/ul>\n\t<div class=\"wpb_text_column wpb_content_element  vc_custom_1550057559191\" >\n\t\t<div class=\"wpb_wrapper\">\n\t\t\t<div class=\"themetechmount-social-links-wrapper\"><ul class=\"social-icons\"><li class=\"tm-social-facebook\"><a class=\"tooltip-top\" target=\"_blank\" href=\"https:\/\/www.facebook.com\/fatihmakina\" data-tooltip=\"Facebook\"><i class=\"tm-boldman-icon-facebook\"><\/i><\/a><\/li>\n<li class=\"tm-social-instagram\"><a class=\"tooltip-top\" target=\"_blank\" href=\"https:\/\/www.instagram.com\/fatihmakinasosyal\/\" data-tooltip=\"Instagram\"><i class=\"tm-boldman-icon-instagram\"><\/i><\/a><\/li>\n<li class=\"tm-social-twitter\"><a class=\"tooltip-top\" target=\"_blank\" href=\"\" data-tooltip=\"Twitter\"><i class=\"tm-boldman-icon-twitter\"><\/i><\/a><\/li>\n<\/ul><\/div>\n\n\t\t<\/div>\n\t<\/div>\n\t\t<\/div>\n\t<\/div>\n<\/div>\n\n<\/div>\n\n\t\t<\/div>\n\t<\/div>\n<\/div>\n\n\n\n\t\t\n\t <\/div> <\/div>\n\n\n<div class=\"vc_row-full-width vc_clearfix\"><\/div>","protected":false},"excerpt":{"rendered":"Get In Touch \u0130leti\u015fim Formu H\u0131zl\u0131 \u0130leti\u015fim \u0130\u00e7in Whatsapp\u00a0 mesaj g\u00f6ndermeyi de\u011ferlendirebilirsiniz. Dilerseniz \u0130leti\u015fim Formundan da Ula\u015fabilirsiniz. \u0130leti\u015fim ANBAR MAH. 2965. CAD. NO:3 Melikgazi \/ KAYSER\u0130(0352) 336 36 65 (0535) 302 95 37info@fatihmakina.com satis@fatihmakina.comhttp:\/\/www.fatihmakina.com","protected":false},"author":1,"featured_media":0,"parent":0,"menu_order":13,"comment_status":"closed","ping_status":"closed","template":"","meta":{"_joinchat":[],"footnotes":""},"class_list":["post-562","page","type-page","status-publish","hentry"],"yoast_head":"<!-- This site is optimized with the Yoast SEO plugin v20.4 - https:\/\/yoast.com\/wordpress\/plugins\/seo\/ -->\n<title>\u0130leti\u015fim - Fatih Makina I Ah\u015fap \u0130\u015flemenin Her Alan\u0131nda<\/title>\n<meta name=\"robots\" content=\"index, follow, max-snippet:-1, max-image-preview:large, max-video-preview:-1\" \/>\n<link rel=\"canonical\" href=\"https:\/\/www.fatihmakina.com\/en\/fatih-makina-iletisim\/\" \/>\n<meta property=\"og:locale\" content=\"en_US\" \/>\n<meta property=\"og:type\" content=\"article\" \/>\n<meta property=\"og:title\" content=\"\u0130leti\u015fim - Fatih Makina I Ah\u015fap \u0130\u015flemenin Her Alan\u0131nda\" \/>\n<meta property=\"og:url\" content=\"https:\/\/www.fatihmakina.com\/en\/fatih-makina-iletisim\/\" \/>\n<meta property=\"og:site_name\" content=\"Fatih Makina I Ah\u015fap \u0130\u015flemenin Her Alan\u0131nda\" \/>\n<meta property=\"article:publisher\" content=\"https:\/\/www.facebook.com\/fatihmakina\" \/>\n<meta property=\"article:modified_time\" content=\"2023-03-07T06:47:10+00:00\" \/>\n<meta name=\"twitter:card\" content=\"summary_large_image\" \/>\n<meta name=\"twitter:label1\" content=\"Est. reading time\" \/>\n\t<meta name=\"twitter:data1\" content=\"1 minute\" \/>\n<script type=\"application\/ld+json\" class=\"yoast-schema-graph\">{\"@context\":\"https:\/\/schema.org\",\"@graph\":[{\"@type\":\"WebPage\",\"@id\":\"https:\/\/www.fatihmakina.com\/fatih-makina-iletisim\/\",\"url\":\"https:\/\/www.fatihmakina.com\/fatih-makina-iletisim\/\",\"name\":\"\u0130leti\u015fim - Fatih Makina I Ah\u015fap \u0130\u015flemenin Her Alan\u0131nda\",\"isPartOf\":{\"@id\":\"https:\/\/www.fatihmakina.com\/#website\"},\"datePublished\":\"2019-02-04T08:25:14+00:00\",\"dateModified\":\"2023-03-07T06:47:10+00:00\",\"breadcrumb\":{\"@id\":\"https:\/\/www.fatihmakina.com\/fatih-makina-iletisim\/#breadcrumb\"},\"inLanguage\":\"en-US\",\"potentialAction\":[{\"@type\":\"ReadAction\",\"target\":[\"https:\/\/www.fatihmakina.com\/fatih-makina-iletisim\/\"]}]},{\"@type\":\"BreadcrumbList\",\"@id\":\"https:\/\/www.fatihmakina.com\/fatih-makina-iletisim\/#breadcrumb\",\"itemListElement\":[{\"@type\":\"ListItem\",\"position\":1,\"name\":\"Anasayfa\",\"item\":\"https:\/\/www.fatihmakina.com\/\"},{\"@type\":\"ListItem\",\"position\":2,\"name\":\"\u0130leti\u015fim\"}]},{\"@type\":\"WebSite\",\"@id\":\"https:\/\/www.fatihmakina.com\/#website\",\"url\":\"https:\/\/www.fatihmakina.com\/\",\"name\":\"Fatih Makina I Ah\u015fap \u0130\u015flemenin Her Alan\u0131nda\",\"description\":\"\",\"publisher\":{\"@id\":\"https:\/\/www.fatihmakina.com\/#organization\"},\"potentialAction\":[{\"@type\":\"SearchAction\",\"target\":{\"@type\":\"EntryPoint\",\"urlTemplate\":\"https:\/\/www.fatihmakina.com\/?s={search_term_string}\"},\"query-input\":\"required name=search_term_string\"}],\"inLanguage\":\"en-US\"},{\"@type\":\"Organization\",\"@id\":\"https:\/\/www.fatihmakina.com\/#organization\",\"name\":\"Fatih Makina I Ah\u015fap \u0130\u015flemenin Her Alan\u0131nda\",\"url\":\"https:\/\/www.fatihmakina.com\/\",\"logo\":{\"@type\":\"ImageObject\",\"inLanguage\":\"en-US\",\"@id\":\"https:\/\/www.fatihmakina.com\/#\/schema\/logo\/image\/\",\"url\":\"https:\/\/www.fatihmakina.com\/wp-content\/uploads\/2023\/04\/SOSYAL-LOGO.jpg\",\"contentUrl\":\"https:\/\/www.fatihmakina.com\/wp-content\/uploads\/2023\/04\/SOSYAL-LOGO.jpg\",\"width\":800,\"height\":800,\"caption\":\"Fatih Makina I Ah\u015fap \u0130\u015flemenin Her Alan\u0131nda\"},\"image\":{\"@id\":\"https:\/\/www.fatihmakina.com\/#\/schema\/logo\/image\/\"},\"sameAs\":[\"https:\/\/www.facebook.com\/fatihmakina\",\"https:\/\/www.instagram.com\/fatihmakinasosyal\/\"]}]}<\/script>\n<!-- \/ Yoast SEO plugin. -->","yoast_head_json":{"title":"\u0130leti\u015fim - Fatih Makina I Ah\u015fap \u0130\u015flemenin Her Alan\u0131nda","robots":{"index":"index","follow":"follow","max-snippet":"max-snippet:-1","max-image-preview":"max-image-preview:large","max-video-preview":"max-video-preview:-1"},"canonical":"https:\/\/www.fatihmakina.com\/en\/fatih-makina-iletisim\/","og_locale":"en_US","og_type":"article","og_title":"\u0130leti\u015fim - Fatih Makina I Ah\u015fap \u0130\u015flemenin Her Alan\u0131nda","og_url":"https:\/\/www.fatihmakina.com\/en\/fatih-makina-iletisim\/","og_site_name":"Fatih Makina I Ah\u015fap \u0130\u015flemenin Her Alan\u0131nda","article_publisher":"https:\/\/www.facebook.com\/fatihmakina","article_modified_time":"2023-03-07T06:47:10+00:00","twitter_card":"summary_large_image","twitter_misc":{"Est. reading time":"1 minute"},"schema":{"@context":"https:\/\/schema.org","@graph":[{"@type":"WebPage","@id":"https:\/\/www.fatihmakina.com\/fatih-makina-iletisim\/","url":"https:\/\/www.fatihmakina.com\/fatih-makina-iletisim\/","name":"\u0130leti\u015fim - Fatih Makina I Ah\u015fap \u0130\u015flemenin Her Alan\u0131nda","isPartOf":{"@id":"https:\/\/www.fatihmakina.com\/#website"},"datePublished":"2019-02-04T08:25:14+00:00","dateModified":"2023-03-07T06:47:10+00:00","breadcrumb":{"@id":"https:\/\/www.fatihmakina.com\/fatih-makina-iletisim\/#breadcrumb"},"inLanguage":"en-US","potentialAction":[{"@type":"ReadAction","target":["https:\/\/www.fatihmakina.com\/fatih-makina-iletisim\/"]}]},{"@type":"BreadcrumbList","@id":"https:\/\/www.fatihmakina.com\/fatih-makina-iletisim\/#breadcrumb","itemListElement":[{"@type":"ListItem","position":1,"name":"Anasayfa","item":"https:\/\/www.fatihmakina.com\/"},{"@type":"ListItem","position":2,"name":"\u0130leti\u015fim"}]},{"@type":"WebSite","@id":"https:\/\/www.fatihmakina.com\/#website","url":"https:\/\/www.fatihmakina.com\/","name":"Fatih Makina I Ah\u015fap \u0130\u015flemenin Her Alan\u0131nda","description":"","publisher":{"@id":"https:\/\/www.fatihmakina.com\/#organization"},"potentialAction":[{"@type":"SearchAction","target":{"@type":"EntryPoint","urlTemplate":"https:\/\/www.fatihmakina.com\/?s={search_term_string}"},"query-input":"required name=search_term_string"}],"inLanguage":"en-US"},{"@type":"Organization","@id":"https:\/\/www.fatihmakina.com\/#organization","name":"Fatih Makina I Ah\u015fap \u0130\u015flemenin Her Alan\u0131nda","url":"https:\/\/www.fatihmakina.com\/","logo":{"@type":"ImageObject","inLanguage":"en-US","@id":"https:\/\/www.fatihmakina.com\/#\/schema\/logo\/image\/","url":"https:\/\/www.fatihmakina.com\/wp-content\/uploads\/2023\/04\/SOSYAL-LOGO.jpg","contentUrl":"https:\/\/www.fatihmakina.com\/wp-content\/uploads\/2023\/04\/SOSYAL-LOGO.jpg","width":800,"height":800,"caption":"Fatih Makina I Ah\u015fap \u0130\u015flemenin Her Alan\u0131nda"},"image":{"@id":"https:\/\/www.fatihmakina.com\/#\/schema\/logo\/image\/"},"sameAs":["https:\/\/www.facebook.com\/fatihmakina","https:\/\/www.instagram.com\/fatihmakinasosyal\/"]}]}},"_links":{"self":[{"href":"https:\/\/www.fatihmakina.com\/en\/wp-json\/wp\/v2\/pages\/562","targetHints":{"allow":["GET"]}}],"collection":[{"href":"https:\/\/www.fatihmakina.com\/en\/wp-json\/wp\/v2\/pages"}],"about":[{"href":"https:\/\/www.fatihmakina.com\/en\/wp-json\/wp\/v2\/types\/page"}],"author":[{"embeddable":true,"href":"https:\/\/www.fatihmakina.com\/en\/wp-json\/wp\/v2\/users\/1"}],"replies":[{"embeddable":true,"href":"https:\/\/www.fatihmakina.com\/en\/wp-json\/wp\/v2\/comments?post=562"}],"version-history":[{"count":4,"href":"https:\/\/www.fatihmakina.com\/en\/wp-json\/wp\/v2\/pages\/562\/revisions"}],"predecessor-version":[{"id":4666,"href":"https:\/\/www.fatihmakina.com\/en\/wp-json\/wp\/v2\/pages\/562\/revisions\/4666"}],"wp:attachment":[{"href":"https:\/\/www.fatihmakina.com\/en\/wp-json\/wp\/v2\/media?parent=562"}],"curies":[{"name":"wp","href":"https:\/\/api.w.org\/{rel}","templated":true}]}}