{"id":5203,"date":"2024-05-17T21:56:50","date_gmt":"2024-05-17T21:56:50","guid":{"rendered":"https:\/\/www.fatihmakina.com\/?page_id=5203"},"modified":"2024-05-17T21:59:02","modified_gmt":"2024-05-17T21:59:02","slug":"2024-anamak-kayseri-metal-ve-ahsap-isleme-makinalari-fuari","status":"publish","type":"page","link":"https:\/\/www.fatihmakina.com\/en\/2024-anamak-kayseri-metal-ve-ahsap-isleme-makinalari-fuari\/","title":{"rendered":"2024 Anamak Kayseri Metal ve Ah\u015fap \u0130\u015fleme Makinalar\u0131 Fuar\u0131"},"content":{"rendered":"<div class=\"tm-row wpb_row vc_row-fluid tm-zindex-0 vc_row container tm-bgimage-position-center_center\">\n\n\t\t\n\t\t\n\t\t\n\n<div class=\"wpb_column tm-column vc_column_container vc_col-sm-12 tm-zindex-0\">\n\t<div class=\"vc_column-inner\">\n\t\t\t\t<div class=\"wpb_wrapper\">\n\t\t\t<div class=\"wpb_gallery wpb_content_element vc_clearfix\" ><div class=\"wpb_wrapper\"><div class=\"wpb_gallery_slides wpb_image_grid\" data-interval=\"3\"><ul class=\"wpb_image_grid_ul\"><li class=\"isotope-item\"><a class=\"\" href=\"https:\/\/www.fatihmakina.com\/wp-content\/uploads\/2024\/05\/trashed-1717916080-IMG_20240502_105425-1024x768.webp\" data-lightbox=\"lightbox[rel-5203-3744501501]\"><img loading=\"lazy\" decoding=\"async\" class=\"\" src=\"https:\/\/www.fatihmakina.com\/wp-content\/uploads\/2024\/05\/trashed-1717916080-IMG_20240502_105425-scaled-250x150.webp\" width=\"250\" height=\"150\" alt=\".trashed-1717916080-IMG_20240502_105425\" title=\".trashed-1717916080-IMG_20240502_105425\" \/><\/a><\/li><li class=\"isotope-item\"><a class=\"\" href=\"https:\/\/www.fatihmakina.com\/wp-content\/uploads\/2024\/05\/trashed-1717916080-IMG_20240502_111126-1024x768.webp\" data-lightbox=\"lightbox[rel-5203-3744501501]\"><img loading=\"lazy\" decoding=\"async\" class=\"\" src=\"https:\/\/www.fatihmakina.com\/wp-content\/uploads\/2024\/05\/trashed-1717916080-IMG_20240502_111126-scaled-250x150.webp\" width=\"250\" height=\"150\" alt=\".trashed-1717916080-IMG_20240502_111126\" title=\".trashed-1717916080-IMG_20240502_111126\" \/><\/a><\/li><li class=\"isotope-item\"><a class=\"\" href=\"https:\/\/www.fatihmakina.com\/wp-content\/uploads\/2024\/05\/trashed-1717916080-IMG_20240502_111831-1024x768.webp\" data-lightbox=\"lightbox[rel-5203-3744501501]\"><img loading=\"lazy\" decoding=\"async\" class=\"\" src=\"https:\/\/www.fatihmakina.com\/wp-content\/uploads\/2024\/05\/trashed-1717916080-IMG_20240502_111831-scaled-250x150.webp\" width=\"250\" height=\"150\" alt=\".trashed-1717916080-IMG_20240502_111831\" title=\".trashed-1717916080-IMG_20240502_111831\" \/><\/a><\/li><li class=\"isotope-item\"><a class=\"\" href=\"https:\/\/www.fatihmakina.com\/wp-content\/uploads\/2024\/05\/trashed-1717916080-IMG_20240502_113031-1024x768.webp\" data-lightbox=\"lightbox[rel-5203-3744501501]\"><img loading=\"lazy\" decoding=\"async\" class=\"\" src=\"https:\/\/www.fatihmakina.com\/wp-content\/uploads\/2024\/05\/trashed-1717916080-IMG_20240502_113031-scaled-250x150.webp\" width=\"250\" height=\"150\" alt=\".trashed-1717916080-IMG_20240502_113031\" title=\".trashed-1717916080-IMG_20240502_113031\" \/><\/a><\/li><li class=\"isotope-item\"><a class=\"\" href=\"https:\/\/www.fatihmakina.com\/wp-content\/uploads\/2024\/05\/trashed-1717916080-IMG_20240502_120508-1024x768.webp\" data-lightbox=\"lightbox[rel-5203-3744501501]\"><img loading=\"lazy\" decoding=\"async\" class=\"\" src=\"https:\/\/www.fatihmakina.com\/wp-content\/uploads\/2024\/05\/trashed-1717916080-IMG_20240502_120508-scaled-250x150.webp\" width=\"250\" height=\"150\" alt=\".trashed-1717916080-IMG_20240502_120508\" title=\".trashed-1717916080-IMG_20240502_120508\" \/><\/a><\/li><li class=\"isotope-item\"><a class=\"\" href=\"https:\/\/www.fatihmakina.com\/wp-content\/uploads\/2024\/05\/trashed-1717916080-IMG_20240502_120940-1024x768.webp\" data-lightbox=\"lightbox[rel-5203-3744501501]\"><img loading=\"lazy\" decoding=\"async\" class=\"\" src=\"https:\/\/www.fatihmakina.com\/wp-content\/uploads\/2024\/05\/trashed-1717916080-IMG_20240502_120940-scaled-250x150.webp\" width=\"250\" height=\"150\" alt=\".trashed-1717916080-IMG_20240502_120940\" title=\".trashed-1717916080-IMG_20240502_120940\" \/><\/a><\/li><li class=\"isotope-item\"><a class=\"\" href=\"https:\/\/www.fatihmakina.com\/wp-content\/uploads\/2024\/05\/trashed-1717916080-IMG_20240502_122520-1024x768.webp\" data-lightbox=\"lightbox[rel-5203-3744501501]\"><img loading=\"lazy\" decoding=\"async\" class=\"\" src=\"https:\/\/www.fatihmakina.com\/wp-content\/uploads\/2024\/05\/trashed-1717916080-IMG_20240502_122520-scaled-250x150.webp\" width=\"250\" height=\"150\" alt=\".trashed-1717916080-IMG_20240502_122520\" title=\".trashed-1717916080-IMG_20240502_122520\" \/><\/a><\/li><li class=\"isotope-item\"><a class=\"\" href=\"https:\/\/www.fatihmakina.com\/wp-content\/uploads\/2024\/05\/trashed-1717916080-IMG_20240504_132620-1024x768.webp\" data-lightbox=\"lightbox[rel-5203-3744501501]\"><img loading=\"lazy\" decoding=\"async\" class=\"\" src=\"https:\/\/www.fatihmakina.com\/wp-content\/uploads\/2024\/05\/trashed-1717916080-IMG_20240504_132620-scaled-250x150.webp\" width=\"250\" height=\"150\" alt=\".trashed-1717916080-IMG_20240504_132620\" title=\".trashed-1717916080-IMG_20240504_132620\" \/><\/a><\/li><li class=\"isotope-item\"><a class=\"\" href=\"https:\/\/www.fatihmakina.com\/wp-content\/uploads\/2024\/05\/trashed-1717916080-IMG_20240504_132927-1024x768.webp\" data-lightbox=\"lightbox[rel-5203-3744501501]\"><img loading=\"lazy\" decoding=\"async\" class=\"\" src=\"https:\/\/www.fatihmakina.com\/wp-content\/uploads\/2024\/05\/trashed-1717916080-IMG_20240504_132927-scaled-250x150.webp\" width=\"250\" height=\"150\" alt=\".trashed-1717916080-IMG_20240504_132927\" title=\".trashed-1717916080-IMG_20240504_132927\" \/><\/a><\/li><li class=\"isotope-item\"><a class=\"\" href=\"https:\/\/www.fatihmakina.com\/wp-content\/uploads\/2024\/05\/trashed-1717916080-IMG_20240504_155404-1024x768.webp\" data-lightbox=\"lightbox[rel-5203-3744501501]\"><img loading=\"lazy\" decoding=\"async\" class=\"\" src=\"https:\/\/www.fatihmakina.com\/wp-content\/uploads\/2024\/05\/trashed-1717916080-IMG_20240504_155404-scaled-250x150.webp\" width=\"250\" height=\"150\" alt=\".trashed-1717916080-IMG_20240504_155404\" title=\".trashed-1717916080-IMG_20240504_155404\" \/><\/a><\/li><li class=\"isotope-item\"><a class=\"\" href=\"https:\/\/www.fatihmakina.com\/wp-content\/uploads\/2024\/05\/trashed-1717916081-IMG_20240501_132956-1024x768.webp\" data-lightbox=\"lightbox[rel-5203-3744501501]\"><img loading=\"lazy\" decoding=\"async\" class=\"\" src=\"https:\/\/www.fatihmakina.com\/wp-content\/uploads\/2024\/05\/trashed-1717916081-IMG_20240501_132956-scaled-250x150.webp\" width=\"250\" height=\"150\" alt=\".trashed-1717916081-IMG_20240501_132956\" title=\".trashed-1717916081-IMG_20240501_132956\" \/><\/a><\/li><li class=\"isotope-item\"><a class=\"\" href=\"https:\/\/www.fatihmakina.com\/wp-content\/uploads\/2024\/05\/trashed-1717916081-IMG_20240502_104326-1024x768.webp\" data-lightbox=\"lightbox[rel-5203-3744501501]\"><img loading=\"lazy\" decoding=\"async\" class=\"\" src=\"https:\/\/www.fatihmakina.com\/wp-content\/uploads\/2024\/05\/trashed-1717916081-IMG_20240502_104326-scaled-250x150.webp\" width=\"250\" height=\"150\" alt=\".trashed-1717916081-IMG_20240502_104326\" title=\".trashed-1717916081-IMG_20240502_104326\" \/><\/a><\/li><li class=\"isotope-item\"><a class=\"\" href=\"https:\/\/www.fatihmakina.com\/wp-content\/uploads\/2024\/05\/trashed-1717916081-IMG_20240504_155955-1024x768.webp\" data-lightbox=\"lightbox[rel-5203-3744501501]\"><img loading=\"lazy\" decoding=\"async\" class=\"\" src=\"https:\/\/www.fatihmakina.com\/wp-content\/uploads\/2024\/05\/trashed-1717916081-IMG_20240504_155955-scaled-250x150.webp\" width=\"250\" height=\"150\" alt=\".trashed-1717916081-IMG_20240504_155955\" title=\".trashed-1717916081-IMG_20240504_155955\" \/><\/a><\/li><\/ul><\/div><\/div><\/div>\t\t<\/div>\n\t<\/div>\n<\/div>\n\n\n\n\t\t\n\t<\/div>","protected":false},"excerpt":{"rendered":"","protected":false},"author":1,"featured_media":0,"parent":0,"menu_order":0,"comment_status":"closed","ping_status":"closed","template":"","meta":{"_joinchat":[],"footnotes":""},"class_list":["post-5203","page","type-page","status-publish","hentry"],"yoast_head":"<!-- This site is optimized with the Yoast SEO plugin v20.4 - https:\/\/yoast.com\/wordpress\/plugins\/seo\/ -->\n<title>2024 Anamak Kayseri Metal ve Ah\u015fap \u0130\u015fleme Makinalar\u0131 Fuar\u0131 - Fatih Makina I Ah\u015fap \u0130\u015flemenin Her Alan\u0131nda<\/title>\n<meta name=\"robots\" content=\"index, follow, max-snippet:-1, max-image-preview:large, max-video-preview:-1\" \/>\n<link rel=\"canonical\" href=\"https:\/\/www.fatihmakina.com\/en\/2024-anamak-kayseri-metal-ve-ahsap-isleme-makinalari-fuari\/\" \/>\n<meta property=\"og:locale\" content=\"en_US\" \/>\n<meta property=\"og:type\" content=\"article\" \/>\n<meta property=\"og:title\" content=\"2024 Anamak Kayseri Metal ve Ah\u015fap \u0130\u015fleme Makinalar\u0131 Fuar\u0131 - Fatih Makina I Ah\u015fap \u0130\u015flemenin Her Alan\u0131nda\" \/>\n<meta property=\"og:url\" content=\"https:\/\/www.fatihmakina.com\/en\/2024-anamak-kayseri-metal-ve-ahsap-isleme-makinalari-fuari\/\" \/>\n<meta property=\"og:site_name\" content=\"Fatih Makina I Ah\u015fap \u0130\u015flemenin Her Alan\u0131nda\" \/>\n<meta property=\"article:publisher\" content=\"https:\/\/www.facebook.com\/fatihmakina\" \/>\n<meta property=\"article:modified_time\" content=\"2024-05-17T21:59:02+00:00\" \/>\n<meta name=\"twitter:card\" content=\"summary_large_image\" \/>\n<meta name=\"twitter:label1\" content=\"Est. reading time\" \/>\n\t<meta name=\"twitter:data1\" content=\"1 minute\" \/>\n<script type=\"application\/ld+json\" class=\"yoast-schema-graph\">{\"@context\":\"https:\/\/schema.org\",\"@graph\":[{\"@type\":\"WebPage\",\"@id\":\"https:\/\/www.fatihmakina.com\/2024-anamak-kayseri-metal-ve-ahsap-isleme-makinalari-fuari\/\",\"url\":\"https:\/\/www.fatihmakina.com\/2024-anamak-kayseri-metal-ve-ahsap-isleme-makinalari-fuari\/\",\"name\":\"2024 Anamak Kayseri Metal ve Ah\u015fap \u0130\u015fleme Makinalar\u0131 Fuar\u0131 - Fatih Makina I Ah\u015fap \u0130\u015flemenin Her Alan\u0131nda\",\"isPartOf\":{\"@id\":\"https:\/\/www.fatihmakina.com\/#website\"},\"datePublished\":\"2024-05-17T21:56:50+00:00\",\"dateModified\":\"2024-05-17T21:59:02+00:00\",\"breadcrumb\":{\"@id\":\"https:\/\/www.fatihmakina.com\/2024-anamak-kayseri-metal-ve-ahsap-isleme-makinalari-fuari\/#breadcrumb\"},\"inLanguage\":\"en-US\",\"potentialAction\":[{\"@type\":\"ReadAction\",\"target\":[\"https:\/\/www.fatihmakina.com\/2024-anamak-kayseri-metal-ve-ahsap-isleme-makinalari-fuari\/\"]}]},{\"@type\":\"BreadcrumbList\",\"@id\":\"https:\/\/www.fatihmakina.com\/2024-anamak-kayseri-metal-ve-ahsap-isleme-makinalari-fuari\/#breadcrumb\",\"itemListElement\":[{\"@type\":\"ListItem\",\"position\":1,\"name\":\"Anasayfa\",\"item\":\"https:\/\/www.fatihmakina.com\/\"},{\"@type\":\"ListItem\",\"position\":2,\"name\":\"2024 Anamak Kayseri Metal ve Ah\u015fap \u0130\u015fleme Makinalar\u0131 Fuar\u0131\"}]},{\"@type\":\"WebSite\",\"@id\":\"https:\/\/www.fatihmakina.com\/#website\",\"url\":\"https:\/\/www.fatihmakina.com\/\",\"name\":\"Fatih Makina I Ah\u015fap \u0130\u015flemenin Her Alan\u0131nda\",\"description\":\"\",\"publisher\":{\"@id\":\"https:\/\/www.fatihmakina.com\/#organization\"},\"potentialAction\":[{\"@type\":\"SearchAction\",\"target\":{\"@type\":\"EntryPoint\",\"urlTemplate\":\"https:\/\/www.fatihmakina.com\/?s={search_term_string}\"},\"query-input\":\"required name=search_term_string\"}],\"inLanguage\":\"en-US\"},{\"@type\":\"Organization\",\"@id\":\"https:\/\/www.fatihmakina.com\/#organization\",\"name\":\"Fatih Makina I Ah\u015fap \u0130\u015flemenin Her Alan\u0131nda\",\"url\":\"https:\/\/www.fatihmakina.com\/\",\"logo\":{\"@type\":\"ImageObject\",\"inLanguage\":\"en-US\",\"@id\":\"https:\/\/www.fatihmakina.com\/#\/schema\/logo\/image\/\",\"url\":\"https:\/\/www.fatihmakina.com\/wp-content\/uploads\/2023\/04\/SOSYAL-LOGO.jpg\",\"contentUrl\":\"https:\/\/www.fatihmakina.com\/wp-content\/uploads\/2023\/04\/SOSYAL-LOGO.jpg\",\"width\":800,\"height\":800,\"caption\":\"Fatih Makina I Ah\u015fap \u0130\u015flemenin Her Alan\u0131nda\"},\"image\":{\"@id\":\"https:\/\/www.fatihmakina.com\/#\/schema\/logo\/image\/\"},\"sameAs\":[\"https:\/\/www.facebook.com\/fatihmakina\",\"https:\/\/www.instagram.com\/fatihmakinasosyal\/\"]}]}<\/script>\n<!-- \/ Yoast SEO plugin. -->","yoast_head_json":{"title":"2024 Anamak Kayseri Metal ve Ah\u015fap \u0130\u015fleme Makinalar\u0131 Fuar\u0131 - Fatih Makina I Ah\u015fap \u0130\u015flemenin Her Alan\u0131nda","robots":{"index":"index","follow":"follow","max-snippet":"max-snippet:-1","max-image-preview":"max-image-preview:large","max-video-preview":"max-video-preview:-1"},"canonical":"https:\/\/www.fatihmakina.com\/en\/2024-anamak-kayseri-metal-ve-ahsap-isleme-makinalari-fuari\/","og_locale":"en_US","og_type":"article","og_title":"2024 Anamak Kayseri Metal ve Ah\u015fap \u0130\u015fleme Makinalar\u0131 Fuar\u0131 - Fatih Makina I Ah\u015fap \u0130\u015flemenin Her Alan\u0131nda","og_url":"https:\/\/www.fatihmakina.com\/en\/2024-anamak-kayseri-metal-ve-ahsap-isleme-makinalari-fuari\/","og_site_name":"Fatih Makina I Ah\u015fap \u0130\u015flemenin Her Alan\u0131nda","article_publisher":"https:\/\/www.facebook.com\/fatihmakina","article_modified_time":"2024-05-17T21:59:02+00:00","twitter_card":"summary_large_image","twitter_misc":{"Est. reading time":"1 minute"},"schema":{"@context":"https:\/\/schema.org","@graph":[{"@type":"WebPage","@id":"https:\/\/www.fatihmakina.com\/2024-anamak-kayseri-metal-ve-ahsap-isleme-makinalari-fuari\/","url":"https:\/\/www.fatihmakina.com\/2024-anamak-kayseri-metal-ve-ahsap-isleme-makinalari-fuari\/","name":"2024 Anamak Kayseri Metal ve Ah\u015fap \u0130\u015fleme Makinalar\u0131 Fuar\u0131 - Fatih Makina I Ah\u015fap \u0130\u015flemenin Her Alan\u0131nda","isPartOf":{"@id":"https:\/\/www.fatihmakina.com\/#website"},"datePublished":"2024-05-17T21:56:50+00:00","dateModified":"2024-05-17T21:59:02+00:00","breadcrumb":{"@id":"https:\/\/www.fatihmakina.com\/2024-anamak-kayseri-metal-ve-ahsap-isleme-makinalari-fuari\/#breadcrumb"},"inLanguage":"en-US","potentialAction":[{"@type":"ReadAction","target":["https:\/\/www.fatihmakina.com\/2024-anamak-kayseri-metal-ve-ahsap-isleme-makinalari-fuari\/"]}]},{"@type":"BreadcrumbList","@id":"https:\/\/www.fatihmakina.com\/2024-anamak-kayseri-metal-ve-ahsap-isleme-makinalari-fuari\/#breadcrumb","itemListElement":[{"@type":"ListItem","position":1,"name":"Anasayfa","item":"https:\/\/www.fatihmakina.com\/"},{"@type":"ListItem","position":2,"name":"2024 Anamak Kayseri Metal ve Ah\u015fap \u0130\u015fleme Makinalar\u0131 Fuar\u0131"}]},{"@type":"WebSite","@id":"https:\/\/www.fatihmakina.com\/#website","url":"https:\/\/www.fatihmakina.com\/","name":"Fatih Makina I Ah\u015fap \u0130\u015flemenin Her Alan\u0131nda","description":"","publisher":{"@id":"https:\/\/www.fatihmakina.com\/#organization"},"potentialAction":[{"@type":"SearchAction","target":{"@type":"EntryPoint","urlTemplate":"https:\/\/www.fatihmakina.com\/?s={search_term_string}"},"query-input":"required name=search_term_string"}],"inLanguage":"en-US"},{"@type":"Organization","@id":"https:\/\/www.fatihmakina.com\/#organization","name":"Fatih Makina I Ah\u015fap \u0130\u015flemenin Her Alan\u0131nda","url":"https:\/\/www.fatihmakina.com\/","logo":{"@type":"ImageObject","inLanguage":"en-US","@id":"https:\/\/www.fatihmakina.com\/#\/schema\/logo\/image\/","url":"https:\/\/www.fatihmakina.com\/wp-content\/uploads\/2023\/04\/SOSYAL-LOGO.jpg","contentUrl":"https:\/\/www.fatihmakina.com\/wp-content\/uploads\/2023\/04\/SOSYAL-LOGO.jpg","width":800,"height":800,"caption":"Fatih Makina I Ah\u015fap \u0130\u015flemenin Her Alan\u0131nda"},"image":{"@id":"https:\/\/www.fatihmakina.com\/#\/schema\/logo\/image\/"},"sameAs":["https:\/\/www.facebook.com\/fatihmakina","https:\/\/www.instagram.com\/fatihmakinasosyal\/"]}]}},"_links":{"self":[{"href":"https:\/\/www.fatihmakina.com\/en\/wp-json\/wp\/v2\/pages\/5203","targetHints":{"allow":["GET"]}}],"collection":[{"href":"https:\/\/www.fatihmakina.com\/en\/wp-json\/wp\/v2\/pages"}],"about":[{"href":"https:\/\/www.fatihmakina.com\/en\/wp-json\/wp\/v2\/types\/page"}],"author":[{"embeddable":true,"href":"https:\/\/www.fatihmakina.com\/en\/wp-json\/wp\/v2\/users\/1"}],"replies":[{"embeddable":true,"href":"https:\/\/www.fatihmakina.com\/en\/wp-json\/wp\/v2\/comments?post=5203"}],"version-history":[{"count":5,"href":"https:\/\/www.fatihmakina.com\/en\/wp-json\/wp\/v2\/pages\/5203\/revisions"}],"predecessor-version":[{"id":5221,"href":"https:\/\/www.fatihmakina.com\/en\/wp-json\/wp\/v2\/pages\/5203\/revisions\/5221"}],"wp:attachment":[{"href":"https:\/\/www.fatihmakina.com\/en\/wp-json\/wp\/v2\/media?parent=5203"}],"curies":[{"name":"wp","href":"https:\/\/api.w.org\/{rel}","templated":true}]}}