{"id":5064,"date":"2023-08-05T07:23:52","date_gmt":"2023-08-05T07:23:52","guid":{"rendered":"https:\/\/www.fatihmakina.com\/?page_id=5064"},"modified":"2023-08-05T07:23:52","modified_gmt":"2023-08-05T07:23:52","slug":"makina-belirleme","status":"publish","type":"page","link":"https:\/\/www.fatihmakina.com\/en\/makina-belirleme\/","title":{"rendered":"Makina Belirleme"},"content":{"rendered":"<p><img loading=\"lazy\" decoding=\"async\" class=\"alignleft  wp-image-5065\" src=\"https:\/\/www.fatihmakina.com\/wp-content\/uploads\/2023\/08\/DAnisanlik.webp\" alt=\"\" width=\"394\" height=\"243\" srcset=\"https:\/\/www.fatihmakina.com\/wp-content\/uploads\/2023\/08\/DAnisanlik.webp 600w, https:\/\/www.fatihmakina.com\/wp-content\/uploads\/2023\/08\/DAnisanlik-300x185.webp 300w, https:\/\/www.fatihmakina.com\/wp-content\/uploads\/2023\/08\/DAnisanlik-18x12.webp 18w\" sizes=\"auto, (max-width: 394px) 100vw, 394px\" \/> Mobilya \u00fcretimi olan bir sekt\u00f6rde \u00e7al\u0131\u015f\u0131yorsunuz ve i\u015f verimlili\u011fini art\u0131racak size h\u0131z katacak bir makina almay\u0131 d\u00fc\u015f\u00fcn\u00fcyorsunuz. Peki Hangi Makinay\u0131 Almal\u0131y\u0131m?<\/p>\n<p>\u0130htiyac\u0131n\u0131z olan makinan\u0131n se\u00e7iminde sizlere yard\u0131mc\u0131 oluyoruz. Mevcuttaki i\u015f kapasiteniz ve hedefleriniz nedir bu bilgileri bir bir ortaya koyuyoruz. Hangi makina hangi s\u00fcre\u00e7te ne kadar i\u015f \u00e7\u0131kar\u0131r hesaplamalar\u0131n\u0131 yap\u0131yor ve size uygun modeli \u00f6neriyoruz.<\/p>\n<p>Fatih Makina Ah\u015fap i\u015flemenin her alan\u0131na y\u00f6nelik teknolojik \u00e7\u00f6z\u00fcmler sunmaktad\u0131r. Rekabet\u00e7i fiyatlar\u0131m\u0131zla ihtiya\u00e7lar\u0131n\u0131z\u0131 ertelemeyece\u011finiz teklifler sunmaktay\u0131z.<\/p>\n<p>Temsilcilerimizle hemen g\u00f6r\u00fc\u015fmek i\u00e7in bizi aray\u0131n yada Whatsapp destek \u00fczerinde ileti\u015fime ge\u00e7iniz. Uygun Temsilcimiz sizinle hemen ileti\u015fim kuracakt\u0131r. Hangi Makinay\u0131 alay\u0131m Diye D\u00fc\u015f\u00fcnmeyin \u0130leti\u015fime ge\u00e7in<\/p>\n<p><a href=\"https:\/\/www.fatihmakina.com\/en\/Urun-kategori\/bantlama-grubu\/\" target=\"_blank\" rel=\"noopener\">Bantlama Grubu \u00dcr\u00fcnler<\/a><\/p>\n<p><a href=\"https:\/\/www.fatihmakina.com\/en\/Urun-kategori\/delik-makineleri\/\" target=\"_blank\" rel=\"noopener\">Delik Makinalar\u0131<\/a><\/p>\n<p>&nbsp;<\/p>","protected":false},"excerpt":{"rendered":"<p>Mobilya \u00fcretimi olan bir sekt\u00f6rde \u00e7al\u0131\u015f\u0131yorsunuz ve i\u015f verimlili\u011fini art\u0131racak size h\u0131z katacak bir makina almay\u0131 d\u00fc\u015f\u00fcn\u00fcyorsunuz. Peki Hangi Makinay\u0131 Almal\u0131y\u0131m? \u0130htiyac\u0131n\u0131z olan makinan\u0131n se\u00e7iminde sizlere yard\u0131mc\u0131 oluyoruz. Mevcuttaki i\u015f kapasiteniz ve hedefleriniz nedir bu bilgileri bir bir ortaya koyuyoruz. Hangi makina hangi s\u00fcre\u00e7te ne kadar i\u015f \u00e7\u0131kar\u0131r hesaplamalar\u0131n\u0131 yap\u0131yor ve size uygun modeli \u00f6neriyoruz. &hellip; <a href=\"https:\/\/www.fatihmakina.com\/en\/makina-belirleme\/\" class=\"more-link\">Continue reading <span class=\"screen-reader-text\">Makina Belirleme<\/span><\/a><\/p>","protected":false},"author":1,"featured_media":5065,"parent":0,"menu_order":0,"comment_status":"closed","ping_status":"closed","template":"","meta":{"_joinchat":[],"footnotes":""},"class_list":["post-5064","page","type-page","status-publish","has-post-thumbnail","hentry"],"yoast_head":"<!-- This site is optimized with the Yoast SEO plugin v20.4 - https:\/\/yoast.com\/wordpress\/plugins\/seo\/ -->\n<title>Hangi Mobilya Makinas\u0131n\u0131 Almal\u0131y\u0131m Fatih Makina<\/title>\n<meta name=\"description\" content=\"Mobilya \u00fcretim makinalar\u0131nda hangisini almal\u0131y\u0131m \u00f6zellikleri nelerdir. Bana bu konuda kim yard\u0131mc\u0131 olur diyorsan\u0131z Fatih makinay\u0131 Hemen Aray\u0131n\" \/>\n<meta name=\"robots\" content=\"index, follow, max-snippet:-1, max-image-preview:large, max-video-preview:-1\" \/>\n<link rel=\"canonical\" href=\"https:\/\/www.fatihmakina.com\/en\/makina-belirleme\/\" \/>\n<meta property=\"og:locale\" content=\"en_US\" \/>\n<meta property=\"og:type\" content=\"article\" \/>\n<meta property=\"og:title\" content=\"Hangi Mobilya Makinas\u0131n\u0131 Almal\u0131y\u0131m Fatih Makina\" \/>\n<meta property=\"og:description\" content=\"Mobilya \u00fcretim makinalar\u0131nda hangisini almal\u0131y\u0131m \u00f6zellikleri nelerdir. Bana bu konuda kim yard\u0131mc\u0131 olur diyorsan\u0131z Fatih makinay\u0131 Hemen Aray\u0131n\" \/>\n<meta property=\"og:url\" content=\"https:\/\/www.fatihmakina.com\/en\/makina-belirleme\/\" \/>\n<meta property=\"og:site_name\" content=\"Fatih Makina I Ah\u015fap \u0130\u015flemenin Her Alan\u0131nda\" \/>\n<meta property=\"article:publisher\" content=\"https:\/\/www.facebook.com\/fatihmakina\" \/>\n<meta property=\"og:image\" content=\"https:\/\/www.fatihmakina.com\/wp-content\/uploads\/2023\/08\/DAnisanlik.webp\" \/>\n\t<meta property=\"og:image:width\" content=\"600\" \/>\n\t<meta property=\"og:image:height\" content=\"370\" \/>\n\t<meta property=\"og:image:type\" content=\"image\/webp\" \/>\n<meta name=\"twitter:card\" content=\"summary_large_image\" \/>\n<meta name=\"twitter:label1\" content=\"Est. reading time\" \/>\n\t<meta name=\"twitter:data1\" content=\"1 minute\" \/>\n<script type=\"application\/ld+json\" class=\"yoast-schema-graph\">{\"@context\":\"https:\/\/schema.org\",\"@graph\":[{\"@type\":\"WebPage\",\"@id\":\"https:\/\/www.fatihmakina.com\/makina-belirleme\/\",\"url\":\"https:\/\/www.fatihmakina.com\/makina-belirleme\/\",\"name\":\"Hangi Mobilya Makinas\u0131n\u0131 Almal\u0131y\u0131m Fatih Makina\",\"isPartOf\":{\"@id\":\"https:\/\/www.fatihmakina.com\/#website\"},\"datePublished\":\"2023-08-05T07:23:52+00:00\",\"dateModified\":\"2023-08-05T07:23:52+00:00\",\"description\":\"Mobilya \u00fcretim makinalar\u0131nda hangisini almal\u0131y\u0131m \u00f6zellikleri nelerdir. Bana bu konuda kim yard\u0131mc\u0131 olur diyorsan\u0131z Fatih makinay\u0131 Hemen Aray\u0131n\",\"breadcrumb\":{\"@id\":\"https:\/\/www.fatihmakina.com\/makina-belirleme\/#breadcrumb\"},\"inLanguage\":\"en-US\",\"potentialAction\":[{\"@type\":\"ReadAction\",\"target\":[\"https:\/\/www.fatihmakina.com\/makina-belirleme\/\"]}]},{\"@type\":\"BreadcrumbList\",\"@id\":\"https:\/\/www.fatihmakina.com\/makina-belirleme\/#breadcrumb\",\"itemListElement\":[{\"@type\":\"ListItem\",\"position\":1,\"name\":\"Anasayfa\",\"item\":\"https:\/\/www.fatihmakina.com\/\"},{\"@type\":\"ListItem\",\"position\":2,\"name\":\"Makina Belirleme\"}]},{\"@type\":\"WebSite\",\"@id\":\"https:\/\/www.fatihmakina.com\/#website\",\"url\":\"https:\/\/www.fatihmakina.com\/\",\"name\":\"Fatih Makina I Ah\u015fap \u0130\u015flemenin Her Alan\u0131nda\",\"description\":\"\",\"publisher\":{\"@id\":\"https:\/\/www.fatihmakina.com\/#organization\"},\"potentialAction\":[{\"@type\":\"SearchAction\",\"target\":{\"@type\":\"EntryPoint\",\"urlTemplate\":\"https:\/\/www.fatihmakina.com\/?s={search_term_string}\"},\"query-input\":\"required name=search_term_string\"}],\"inLanguage\":\"en-US\"},{\"@type\":\"Organization\",\"@id\":\"https:\/\/www.fatihmakina.com\/#organization\",\"name\":\"Fatih Makina I Ah\u015fap \u0130\u015flemenin Her Alan\u0131nda\",\"url\":\"https:\/\/www.fatihmakina.com\/\",\"logo\":{\"@type\":\"ImageObject\",\"inLanguage\":\"en-US\",\"@id\":\"https:\/\/www.fatihmakina.com\/#\/schema\/logo\/image\/\",\"url\":\"https:\/\/www.fatihmakina.com\/wp-content\/uploads\/2023\/04\/SOSYAL-LOGO.jpg\",\"contentUrl\":\"https:\/\/www.fatihmakina.com\/wp-content\/uploads\/2023\/04\/SOSYAL-LOGO.jpg\",\"width\":800,\"height\":800,\"caption\":\"Fatih Makina I Ah\u015fap \u0130\u015flemenin Her Alan\u0131nda\"},\"image\":{\"@id\":\"https:\/\/www.fatihmakina.com\/#\/schema\/logo\/image\/\"},\"sameAs\":[\"https:\/\/www.facebook.com\/fatihmakina\",\"https:\/\/www.instagram.com\/fatihmakinasosyal\/\"]}]}<\/script>\n<!-- \/ Yoast SEO plugin. -->","yoast_head_json":{"title":"Hangi Mobilya Makinas\u0131n\u0131 Almal\u0131y\u0131m Fatih Makina","description":"Mobilya \u00fcretim makinalar\u0131nda hangisini almal\u0131y\u0131m \u00f6zellikleri nelerdir. Bana bu konuda kim yard\u0131mc\u0131 olur diyorsan\u0131z Fatih makinay\u0131 Hemen Aray\u0131n","robots":{"index":"index","follow":"follow","max-snippet":"max-snippet:-1","max-image-preview":"max-image-preview:large","max-video-preview":"max-video-preview:-1"},"canonical":"https:\/\/www.fatihmakina.com\/en\/makina-belirleme\/","og_locale":"en_US","og_type":"article","og_title":"Hangi Mobilya Makinas\u0131n\u0131 Almal\u0131y\u0131m Fatih Makina","og_description":"Mobilya \u00fcretim makinalar\u0131nda hangisini almal\u0131y\u0131m \u00f6zellikleri nelerdir. Bana bu konuda kim yard\u0131mc\u0131 olur diyorsan\u0131z Fatih makinay\u0131 Hemen Aray\u0131n","og_url":"https:\/\/www.fatihmakina.com\/en\/makina-belirleme\/","og_site_name":"Fatih Makina I Ah\u015fap \u0130\u015flemenin Her Alan\u0131nda","article_publisher":"https:\/\/www.facebook.com\/fatihmakina","og_image":[{"width":600,"height":370,"url":"https:\/\/www.fatihmakina.com\/wp-content\/uploads\/2023\/08\/DAnisanlik.webp","type":"image\/webp"}],"twitter_card":"summary_large_image","twitter_misc":{"Est. reading time":"1 minute"},"schema":{"@context":"https:\/\/schema.org","@graph":[{"@type":"WebPage","@id":"https:\/\/www.fatihmakina.com\/makina-belirleme\/","url":"https:\/\/www.fatihmakina.com\/makina-belirleme\/","name":"Hangi Mobilya Makinas\u0131n\u0131 Almal\u0131y\u0131m Fatih Makina","isPartOf":{"@id":"https:\/\/www.fatihmakina.com\/#website"},"datePublished":"2023-08-05T07:23:52+00:00","dateModified":"2023-08-05T07:23:52+00:00","description":"Mobilya \u00fcretim makinalar\u0131nda hangisini almal\u0131y\u0131m \u00f6zellikleri nelerdir. Bana bu konuda kim yard\u0131mc\u0131 olur diyorsan\u0131z Fatih makinay\u0131 Hemen Aray\u0131n","breadcrumb":{"@id":"https:\/\/www.fatihmakina.com\/makina-belirleme\/#breadcrumb"},"inLanguage":"en-US","potentialAction":[{"@type":"ReadAction","target":["https:\/\/www.fatihmakina.com\/makina-belirleme\/"]}]},{"@type":"BreadcrumbList","@id":"https:\/\/www.fatihmakina.com\/makina-belirleme\/#breadcrumb","itemListElement":[{"@type":"ListItem","position":1,"name":"Anasayfa","item":"https:\/\/www.fatihmakina.com\/"},{"@type":"ListItem","position":2,"name":"Makina Belirleme"}]},{"@type":"WebSite","@id":"https:\/\/www.fatihmakina.com\/#website","url":"https:\/\/www.fatihmakina.com\/","name":"Fatih Makina I Ah\u015fap \u0130\u015flemenin Her Alan\u0131nda","description":"","publisher":{"@id":"https:\/\/www.fatihmakina.com\/#organization"},"potentialAction":[{"@type":"SearchAction","target":{"@type":"EntryPoint","urlTemplate":"https:\/\/www.fatihmakina.com\/?s={search_term_string}"},"query-input":"required name=search_term_string"}],"inLanguage":"en-US"},{"@type":"Organization","@id":"https:\/\/www.fatihmakina.com\/#organization","name":"Fatih Makina I Ah\u015fap \u0130\u015flemenin Her Alan\u0131nda","url":"https:\/\/www.fatihmakina.com\/","logo":{"@type":"ImageObject","inLanguage":"en-US","@id":"https:\/\/www.fatihmakina.com\/#\/schema\/logo\/image\/","url":"https:\/\/www.fatihmakina.com\/wp-content\/uploads\/2023\/04\/SOSYAL-LOGO.jpg","contentUrl":"https:\/\/www.fatihmakina.com\/wp-content\/uploads\/2023\/04\/SOSYAL-LOGO.jpg","width":800,"height":800,"caption":"Fatih Makina I Ah\u015fap \u0130\u015flemenin Her Alan\u0131nda"},"image":{"@id":"https:\/\/www.fatihmakina.com\/#\/schema\/logo\/image\/"},"sameAs":["https:\/\/www.facebook.com\/fatihmakina","https:\/\/www.instagram.com\/fatihmakinasosyal\/"]}]}},"_links":{"self":[{"href":"https:\/\/www.fatihmakina.com\/en\/wp-json\/wp\/v2\/pages\/5064","targetHints":{"allow":["GET"]}}],"collection":[{"href":"https:\/\/www.fatihmakina.com\/en\/wp-json\/wp\/v2\/pages"}],"about":[{"href":"https:\/\/www.fatihmakina.com\/en\/wp-json\/wp\/v2\/types\/page"}],"author":[{"embeddable":true,"href":"https:\/\/www.fatihmakina.com\/en\/wp-json\/wp\/v2\/users\/1"}],"replies":[{"embeddable":true,"href":"https:\/\/www.fatihmakina.com\/en\/wp-json\/wp\/v2\/comments?post=5064"}],"version-history":[{"count":1,"href":"https:\/\/www.fatihmakina.com\/en\/wp-json\/wp\/v2\/pages\/5064\/revisions"}],"predecessor-version":[{"id":5066,"href":"https:\/\/www.fatihmakina.com\/en\/wp-json\/wp\/v2\/pages\/5064\/revisions\/5066"}],"wp:featuredmedia":[{"embeddable":true,"href":"https:\/\/www.fatihmakina.com\/en\/wp-json\/wp\/v2\/media\/5065"}],"wp:attachment":[{"href":"https:\/\/www.fatihmakina.com\/en\/wp-json\/wp\/v2\/media?parent=5064"}],"curies":[{"name":"wp","href":"https:\/\/api.w.org\/{rel}","templated":true}]}}