{"id":424,"date":"2019-02-01T06:06:41","date_gmt":"2019-02-01T06:06:41","guid":{"rendered":"http:\/\/localhost\/boldman\/boldman-theme\/?page_id=424"},"modified":"2022-12-31T23:56:36","modified_gmt":"2022-12-31T23:56:36","slug":"kurumsal","status":"publish","type":"page","link":"https:\/\/www.fatihmakina.com\/en\/kurumsal\/","title":{"rendered":"Kurumsal"},"content":{"rendered":"<div data-vc-full-width=\"true\" data-vc-full-width-init=\"false\" class=\"tm-row wpb_row vc_row-fluid vc_custom_1550896253927 tm-responsive-custom-36469573 break-991-colum tm-zindex-0 tm-bgcolor-grey tm-bgimage-position-center_center\">\n\n\t\t\n\t <div class=\"vc_row container\"> \t\n\t\t\n\n<div class=\"wpb_column tm-column vc_column_container vc_col-sm-12 tm-zindex-0\">\n\t<div class=\"vc_column-inner\">\n\t\t\t\t<div class=\"wpb_wrapper\">\n\t\t\t\t\t<\/div>\n\t<\/div>\n<\/div>\n\n\n\n\t\t\n\t <\/div> <\/div>\n\n\n<div class=\"vc_row-full-width vc_clearfix\"><\/div>\n\n\n\n\n\n\n\n\n<div data-vc-full-width=\"true\" data-vc-full-width-init=\"false\" class=\"tm-row wpb_row vc_row-fluid vc_custom_1549002470055 tm-responsive-custom-59354957 break-991-colum tm-zindex-0 tm-bgimage-position-center_center\">\n\n\t\t\n\t <div class=\"vc_row container\"> \t\n\t\t\n\n<div class=\"wpb_column tm-column vc_column_container vc_col-sm-5 vc_col-has-fill tm-zindex-0 margin-15px-991-colum\">\n\t<div class=\"vc_column-inner vc_custom_1548237107691\">\n\t\t\t\t<div class=\"wpb_wrapper\">\n\t\t\t\n\t<div  class=\"wpb_single_image wpb_content_element vc_align_center\">\n\t\t\n\t\t<figure class=\"wpb_wrapper vc_figure\">\n\t\t\t<div class=\"vc_single_image-wrapper   vc_box_border_grey\"><img loading=\"lazy\" decoding=\"async\" width=\"483\" height=\"599\" src=\"https:\/\/www.fatihmakina.com\/wp-content\/uploads\/2022\/12\/hakkimizda.png\" class=\"vc_single_image-img attachment-full\" alt=\"\" srcset=\"https:\/\/www.fatihmakina.com\/wp-content\/uploads\/2022\/12\/hakkimizda.png 483w, https:\/\/www.fatihmakina.com\/wp-content\/uploads\/2022\/12\/hakkimizda-242x300.png 242w\" sizes=\"auto, (max-width: 483px) 100vw, 483px\" \/><\/div>\n\t\t<\/figure>\n\t<\/div>\n\t\t<\/div>\n\t<\/div>\n<\/div>\n\n\n\n\n\n<div class=\"wpb_column tm-column vc_column_container vc_col-sm-7 tm-zindex-0 margin-15px-991-colum\">\n\t<div class=\"vc_column-inner vc_custom_1548237062663\">\n\t\t\t\t<div class=\"wpb_wrapper\">\n\t\t\t<div class=\"tm-element-heading-wrapper tm-heading-inner tm-element-align-left tm-seperator-solid tm-heading-style-vertical\"><section class=\"tm-vc_cta3-container\"><div class=\"tm-vc_general tm-vc_cta3 tm-cta3-only tm-vc_cta3-style-classic tm-vc_cta3-shape-rounded tm-vc_cta3-align-left tm-vc_cta3-color-transparent tm-vc_cta3-icon-size-md tm-vc_cta3-actions-no tm-cta3-without-desc\"><div class=\"tm-vc_cta3_content-container\"><div class=\"tm-vc_cta3-content\"><header class=\"tm-vc_cta3-content-header tm-wrap\"><div class=\"tm-vc_cta3-headers tm-wrap-cell\"><h4 class=\"tm-custom-heading\" >HO\u015eGELD\u0130N\u0130Z<\/h4>\n<h2 class=\"tm-custom-heading\" >FAT\u0130H AH\u015eAP VE PVC MAK. SAN. T\u0130C.LTD. \u015eT\u0130<\/h2>\n<\/div><\/header><\/div><\/div><\/div><\/section><\/div> <!-- .tm-element-heading-wrapper container --> \n\t<div class=\"wpb_text_column wpb_content_element\" >\n\t\t<div class=\"wpb_wrapper\">\n\t\t\t<p>1978 y\u0131l\u0131nda \u0130brahim \u00c7\u0131kladilmez taraf\u0131ndan kurulan i\u015fletmemiz 2006 y\u0131l\u0131ndan itibaren O\u011fullar\u0131 Mehmet Ve Nuh \u00c7\u0131kladilmez\u2019 e devredilerek h\u0131zl\u0131 bir kalk\u0131nma d\u00f6nemine girmi\u015ftir. \u00d6ncelikle misyonu pazarlama ve teknik departmanlar\u0131ndaki e\u011fitimli ve uzman kadrosuyla yurt i\u00e7inde ve yurt d\u0131\u015f\u0131nda m\u00fc\u015fterilerine samimi, g\u00fcvenilir ve kaliteli hizmet sunmaktad\u0131r. \u00d6ncelikli hedefimiz firmam\u0131z\u0131 uluslararas\u0131 arena da lider konuma getirmek ve bunun paralelinde, uzun s\u00fcreli m\u00fc\u015fteri memnuniyeti kalitemizden terminimize kadar her konuda planl\u0131 hareket ediyor ve her ge\u00e7en g\u00fcn ilerleyerek geli\u015fiyoruz. Makine parkurunuzda yenilik\u00e7i \u00e7\u00f6z\u00fcmlerde bulu\u015fmak dile\u011fimizle &#8230;<\/p>\n\n\t\t<\/div>\n\t<\/div>\n\n<div class=\"tm-row-inner vc_row wpb_row vc_inner vc_row-fluid vc_custom_1549002203130 tm-zindex-0\">\n\t\n<div class=\"wpb_column tm-column-inner vc_column_container vc_col-sm-12 tm-zindex-0\">\n\t<div class=\"vc_column-inner vc_custom_1548926078806\">\n\t\t \n\t\t<div class=\"wpb_wrapper tm_column_wrapper\">\n\t\t\t\t\t<\/div>\n\t<\/div>\n<\/div>\n\n<\/div>\n\n\t\t<\/div>\n\t<\/div>\n<\/div>\n\n\n\n\t\t\n\t <\/div> <\/div>\n\n\n<div class=\"vc_row-full-width vc_clearfix\"><\/div>\n\n\n\n\n\n\n\n\n<div data-vc-full-width=\"true\" data-vc-full-width-init=\"false\" class=\"tm-row wpb_row vc_row-fluid vc_custom_1550050739962 tm-responsive-custom-26679976 vc_row-has-fill break-991-colum tm-zindex-0 tm-bgimage-position-center_bottom tm-bg tm-bgimage-yes\">\n\n\t\t\t<div class=\"tm-row-wrapper-bg-layer tm-bg-layer\"><\/div><!-- ThemetechMount custom DIV added -->\n\t\t\n\t <div class=\"vc_row container\"> \t\n\t\t\n\n<div class=\"wpb_column tm-column vc_column_container vc_col-sm-4 tm-colum-shadow-box tm-zindex-0\">\n\t<div class=\"vc_column-inner\">\n\t\t\t\t<div class=\"wpb_wrapper\">\n\t\t\t<div class=\"tm-sbox tm-sbox-iconalign-top-center none tm-sbox-bgcolor-white tm-bgcolor-white tm-sbox-textcolor- tm-textcolor- tm-sbox-isize-md tm-sbox-isize-md tm-sbox-istyle-rounded  tm-bgcolor-yes tm-sbox-heading-only\"><section class=\"tm-vc_cta3-container\"><div class=\"tm-vc_general tm-vc_cta3 tm-vc_cta3-align-left tm-vc_cta3-icon-size-md tm-vc_cta3-icons-top tm-vc_cta3-actions-no\"><div class=\"tm-vc_cta3-icons tm-wrap-cell\"><div class=\"tm-vc_icon_element tm-vc_icon_element-outer tm-vc_icon_element-align-left  tm-vc_icon_element-have-style\"><div class=\"tm-vc_icon_element-inner  tm-vc_icon_element-have-style-inner tm-vc_icon_element-color-white tm-vc_icon_element-size-md tm-vc_icon_element-style-rounded tm-vc_icon_element-background tm-vc_icon_element-background-color-skincolor\" ><span class=\"tm-vc_icon_element-icon themifyicon ti-flag-alt-2\" ><\/span><\/div><\/div><\/div><div class=\"tm-vc_cta3_content-container\"><div class=\"tm-vc_cta3-content\"><div class=\"tm-vc_cta3-content-header tm-wrap\"><div class=\"tm-vc_cta3-headers tm-wrap-cell\"><h2 class=\"tm-custom-heading\" >Vizyonumuz<\/h2>\n<\/div><\/div><\/div><div class=\"tm-cta3-desc-btn-wrapper\"><div class=\"tm-cta3-description\"><div class=\"tm-cta3-content-wrapper\"><p>Vizyon Metni Vizyon Metni Vizyon Metni Vizyon Metni Vizyon Metni Vizyon Metni Vizyon Metni Vizyon Metni Vizyon Metni Vizyon Metni<\/p><\/div><\/div><\/div><\/div><\/div><\/section><\/div>\t\t<\/div>\n\t<\/div>\n<\/div>\n\n\n\n\n\n<div class=\"wpb_column tm-column vc_column_container vc_col-sm-4 tm-colum-shadow-box tm-zindex-0\">\n\t<div class=\"vc_column-inner  tm-responsive-custom-90353025\">\n\t\t\t\t<div class=\"wpb_wrapper\">\n\t\t\t<div class=\"tm-sbox tm-sbox-iconalign-top-center none tm-sbox-bgcolor-white tm-bgcolor-white tm-sbox-textcolor- tm-textcolor- tm-sbox-isize-md tm-sbox-isize-md tm-sbox-istyle-rounded  tm-bgcolor-yes tm-sbox-heading-only\"><section class=\"tm-vc_cta3-container\"><div class=\"tm-vc_general tm-vc_cta3 tm-vc_cta3-align-left tm-vc_cta3-icon-size-md tm-vc_cta3-icons-top tm-vc_cta3-actions-no\"><div class=\"tm-vc_cta3-icons tm-wrap-cell\"><div class=\"tm-vc_icon_element tm-vc_icon_element-outer tm-vc_icon_element-align-left  tm-vc_icon_element-have-style\"><div class=\"tm-vc_icon_element-inner  tm-vc_icon_element-have-style-inner tm-vc_icon_element-color-white tm-vc_icon_element-size-md tm-vc_icon_element-style-rounded tm-vc_icon_element-background tm-vc_icon_element-background-color-skincolor\" ><span class=\"tm-vc_icon_element-icon themifyicon ti-bag\" ><\/span><\/div><\/div><\/div><div class=\"tm-vc_cta3_content-container\"><div class=\"tm-vc_cta3-content\"><div class=\"tm-vc_cta3-content-header tm-wrap\"><div class=\"tm-vc_cta3-headers tm-wrap-cell\"><h2 class=\"tm-custom-heading\" >Misyonumuz<\/h2>\n<\/div><\/div><\/div><div class=\"tm-cta3-desc-btn-wrapper\"><div class=\"tm-cta3-description\"><div class=\"tm-cta3-content-wrapper\"><p>Misyon Metni Mi\u00a0Misyon Metni Misyon Metni Misyon Metni\u00a0Misyon Metni\u00a0syon Metni Misyon Metni Misyon Metni Misyon Metni<\/p><\/div><\/div><\/div><\/div><\/div><\/section><\/div>\t\t<\/div>\n\t<\/div>\n<\/div>\n\n\n\n\n\n<div class=\"wpb_column tm-column vc_column_container vc_col-sm-4 tm-colum-shadow-box tm-zindex-0\">\n\t<div class=\"vc_column-inner\">\n\t\t\t\t<div class=\"wpb_wrapper\">\n\t\t\t<div class=\"tm-sbox tm-sbox-iconalign-top-center none tm-sbox-bgcolor-white tm-bgcolor-white tm-sbox-textcolor- tm-textcolor- tm-sbox-isize-md tm-sbox-isize-md tm-sbox-istyle-rounded  tm-bgcolor-yes tm-sbox-heading-only\"><section class=\"tm-vc_cta3-container\"><div class=\"tm-vc_general tm-vc_cta3 tm-vc_cta3-align-left tm-vc_cta3-icon-size-md tm-vc_cta3-icons-top tm-vc_cta3-actions-no\"><div class=\"tm-vc_cta3-icons tm-wrap-cell\"><div class=\"tm-vc_icon_element tm-vc_icon_element-outer tm-vc_icon_element-align-left  tm-vc_icon_element-have-style\"><div class=\"tm-vc_icon_element-inner  tm-vc_icon_element-have-style-inner tm-vc_icon_element-color-white tm-vc_icon_element-size-md tm-vc_icon_element-style-rounded tm-vc_icon_element-background tm-vc_icon_element-background-color-skincolor\" ><span class=\"tm-vc_icon_element-icon themifyicon ti-eye\" ><\/span><\/div><\/div><\/div><div class=\"tm-vc_cta3_content-container\"><div class=\"tm-vc_cta3-content\"><div class=\"tm-vc_cta3-content-header tm-wrap\"><div class=\"tm-vc_cta3-headers tm-wrap-cell\"><h2 class=\"tm-custom-heading\" >M\u00fc\u015fteri Memnuniyeti<\/h2>\n<\/div><\/div><\/div><div class=\"tm-cta3-desc-btn-wrapper\"><div class=\"tm-cta3-description\"><div class=\"tm-cta3-content-wrapper\"><p>Mi\u015fteri metni Mi\u015fteri metni Mi\u015fteri metni Mi\u015fteri metni Mi\u015fteri metni Mi\u015fteri metni Mi\u015fteri metni Mi\u015fteri metnimetni Mi\u015fteri metni<\/p><\/div><\/div><\/div><\/div><\/div><\/section><\/div>\t\t<\/div>\n\t<\/div>\n<\/div>\n\n\n\n\t\t\n\t <\/div> <\/div>\n\n\n<div class=\"vc_row-full-width vc_clearfix\"><\/div>\n\n\n\n\n\n\n\n\n<div class=\"tm-row wpb_row vc_row-fluid tm-zindex-0 vc_row container tm-bgimage-position-center_center\">\n\n\t\t\n\t\t\n\t\t\n\n<div class=\"wpb_column tm-column vc_column_container vc_col-sm-12 tm-zindex-0\">\n\t<div class=\"vc_column-inner\">\n\t\t\t\t<div class=\"wpb_wrapper\">\n\t\t\t\n\t<div  class=\"wpb_single_image wpb_content_element vc_align_left\">\n\t\t\n\t\t<figure class=\"wpb_wrapper vc_figure\">\n\t\t\t<div class=\"vc_single_image-wrapper   vc_box_border_grey\"><img loading=\"lazy\" decoding=\"async\" width=\"1900\" height=\"545\" src=\"https:\/\/www.fatihmakina.com\/wp-content\/uploads\/2022\/12\/kliksoft-01-kurumsal-05-ekibimiz.jpg\" class=\"vc_single_image-img attachment-full\" alt=\"\" srcset=\"https:\/\/www.fatihmakina.com\/wp-content\/uploads\/2022\/12\/kliksoft-01-kurumsal-05-ekibimiz.jpg 1900w, https:\/\/www.fatihmakina.com\/wp-content\/uploads\/2022\/12\/kliksoft-01-kurumsal-05-ekibimiz-300x86.jpg 300w, https:\/\/www.fatihmakina.com\/wp-content\/uploads\/2022\/12\/kliksoft-01-kurumsal-05-ekibimiz-1024x294.jpg 1024w, https:\/\/www.fatihmakina.com\/wp-content\/uploads\/2022\/12\/kliksoft-01-kurumsal-05-ekibimiz-768x220.jpg 768w, https:\/\/www.fatihmakina.com\/wp-content\/uploads\/2022\/12\/kliksoft-01-kurumsal-05-ekibimiz-1536x441.jpg 1536w\" sizes=\"auto, (max-width: 1900px) 100vw, 1900px\" \/><\/div>\n\t\t<\/figure>\n\t<\/div>\n\t\t<\/div>\n\t<\/div>\n<\/div>\n\n\n\n\t\t\n\t<\/div>","protected":false},"excerpt":{"rendered":"HO\u015eGELD\u0130N\u0130Z FAT\u0130H AH\u015eAP VE PVC MAK. SAN. T\u0130C.LTD. \u015eT\u0130 1978 y\u0131l\u0131nda \u0130brahim \u00c7\u0131kladilmez taraf\u0131ndan kurulan i\u015fletmemiz 2006 y\u0131l\u0131ndan itibaren O\u011fullar\u0131 Mehmet Ve Nuh \u00c7\u0131kladilmez\u2019 e devredilerek h\u0131zl\u0131 bir kalk\u0131nma d\u00f6nemine girmi\u015ftir. \u00d6ncelikle misyonu pazarlama ve teknik departmanlar\u0131ndaki e\u011fitimli ve uzman kadrosuyla yurt i\u00e7inde ve yurt d\u0131\u015f\u0131nda m\u00fc\u015fterilerine samimi, g\u00fcvenilir ve kaliteli hizmet sunmaktad\u0131r. \u00d6ncelikli hedefimiz &hellip; <a href=\"https:\/\/www.fatihmakina.com\/en\/kurumsal\/\" class=\"more-link\">Continue reading <span class=\"screen-reader-text\">Kurumsal<\/span><\/a>","protected":false},"author":1,"featured_media":0,"parent":0,"menu_order":9,"comment_status":"closed","ping_status":"closed","template":"","meta":{"_joinchat":[],"footnotes":""},"class_list":["post-424","page","type-page","status-publish","hentry"],"yoast_head":"<!-- This site is optimized with the Yoast SEO plugin v20.4 - https:\/\/yoast.com\/wordpress\/plugins\/seo\/ -->\n<title>Kurumsal - Fatih Makina I Ah\u015fap \u0130\u015flemenin Her Alan\u0131nda<\/title>\n<meta name=\"robots\" content=\"index, follow, max-snippet:-1, max-image-preview:large, max-video-preview:-1\" \/>\n<link rel=\"canonical\" href=\"https:\/\/www.fatihmakina.com\/en\/kurumsal\/\" \/>\n<meta property=\"og:locale\" content=\"en_US\" \/>\n<meta property=\"og:type\" content=\"article\" \/>\n<meta property=\"og:title\" content=\"Kurumsal - Fatih Makina I Ah\u015fap \u0130\u015flemenin Her Alan\u0131nda\" \/>\n<meta property=\"og:url\" content=\"https:\/\/www.fatihmakina.com\/en\/kurumsal\/\" \/>\n<meta property=\"og:site_name\" content=\"Fatih Makina I Ah\u015fap \u0130\u015flemenin Her Alan\u0131nda\" \/>\n<meta property=\"article:publisher\" content=\"https:\/\/www.facebook.com\/fatihmakina\" \/>\n<meta property=\"article:modified_time\" content=\"2022-12-31T23:56:36+00:00\" \/>\n<meta name=\"twitter:card\" content=\"summary_large_image\" \/>\n<meta name=\"twitter:label1\" content=\"Est. reading time\" \/>\n\t<meta name=\"twitter:data1\" content=\"3 minutes\" \/>\n<script type=\"application\/ld+json\" class=\"yoast-schema-graph\">{\"@context\":\"https:\/\/schema.org\",\"@graph\":[{\"@type\":\"WebPage\",\"@id\":\"https:\/\/www.fatihmakina.com\/en\/kurumsal\/\",\"url\":\"https:\/\/www.fatihmakina.com\/en\/kurumsal\/\",\"name\":\"Kurumsal - Fatih Makina I Ah\u015fap \u0130\u015flemenin Her Alan\u0131nda\",\"isPartOf\":{\"@id\":\"https:\/\/www.fatihmakina.com\/#website\"},\"datePublished\":\"2019-02-01T06:06:41+00:00\",\"dateModified\":\"2022-12-31T23:56:36+00:00\",\"breadcrumb\":{\"@id\":\"https:\/\/www.fatihmakina.com\/en\/kurumsal\/#breadcrumb\"},\"inLanguage\":\"en-US\",\"potentialAction\":[{\"@type\":\"ReadAction\",\"target\":[\"https:\/\/www.fatihmakina.com\/en\/kurumsal\/\"]}]},{\"@type\":\"BreadcrumbList\",\"@id\":\"https:\/\/www.fatihmakina.com\/en\/kurumsal\/#breadcrumb\",\"itemListElement\":[{\"@type\":\"ListItem\",\"position\":1,\"name\":\"Anasayfa\",\"item\":\"https:\/\/www.fatihmakina.com\/\"},{\"@type\":\"ListItem\",\"position\":2,\"name\":\"Kurumsal\"}]},{\"@type\":\"WebSite\",\"@id\":\"https:\/\/www.fatihmakina.com\/#website\",\"url\":\"https:\/\/www.fatihmakina.com\/\",\"name\":\"Fatih Makina I Ah\u015fap \u0130\u015flemenin Her Alan\u0131nda\",\"description\":\"\",\"publisher\":{\"@id\":\"https:\/\/www.fatihmakina.com\/#organization\"},\"potentialAction\":[{\"@type\":\"SearchAction\",\"target\":{\"@type\":\"EntryPoint\",\"urlTemplate\":\"https:\/\/www.fatihmakina.com\/?s={search_term_string}\"},\"query-input\":\"required name=search_term_string\"}],\"inLanguage\":\"en-US\"},{\"@type\":\"Organization\",\"@id\":\"https:\/\/www.fatihmakina.com\/#organization\",\"name\":\"Fatih Makina I Ah\u015fap \u0130\u015flemenin Her Alan\u0131nda\",\"url\":\"https:\/\/www.fatihmakina.com\/\",\"logo\":{\"@type\":\"ImageObject\",\"inLanguage\":\"en-US\",\"@id\":\"https:\/\/www.fatihmakina.com\/#\/schema\/logo\/image\/\",\"url\":\"https:\/\/www.fatihmakina.com\/wp-content\/uploads\/2023\/04\/SOSYAL-LOGO.jpg\",\"contentUrl\":\"https:\/\/www.fatihmakina.com\/wp-content\/uploads\/2023\/04\/SOSYAL-LOGO.jpg\",\"width\":800,\"height\":800,\"caption\":\"Fatih Makina I Ah\u015fap \u0130\u015flemenin Her Alan\u0131nda\"},\"image\":{\"@id\":\"https:\/\/www.fatihmakina.com\/#\/schema\/logo\/image\/\"},\"sameAs\":[\"https:\/\/www.facebook.com\/fatihmakina\",\"https:\/\/www.instagram.com\/fatihmakinasosyal\/\"]}]}<\/script>\n<!-- \/ Yoast SEO plugin. -->","yoast_head_json":{"title":"Kurumsal - Fatih Makina I Ah\u015fap \u0130\u015flemenin Her Alan\u0131nda","robots":{"index":"index","follow":"follow","max-snippet":"max-snippet:-1","max-image-preview":"max-image-preview:large","max-video-preview":"max-video-preview:-1"},"canonical":"https:\/\/www.fatihmakina.com\/en\/kurumsal\/","og_locale":"en_US","og_type":"article","og_title":"Kurumsal - Fatih Makina I Ah\u015fap \u0130\u015flemenin Her Alan\u0131nda","og_url":"https:\/\/www.fatihmakina.com\/en\/kurumsal\/","og_site_name":"Fatih Makina I Ah\u015fap \u0130\u015flemenin Her Alan\u0131nda","article_publisher":"https:\/\/www.facebook.com\/fatihmakina","article_modified_time":"2022-12-31T23:56:36+00:00","twitter_card":"summary_large_image","twitter_misc":{"Est. reading time":"3 minutes"},"schema":{"@context":"https:\/\/schema.org","@graph":[{"@type":"WebPage","@id":"https:\/\/www.fatihmakina.com\/en\/kurumsal\/","url":"https:\/\/www.fatihmakina.com\/en\/kurumsal\/","name":"Kurumsal - Fatih Makina I Ah\u015fap \u0130\u015flemenin Her Alan\u0131nda","isPartOf":{"@id":"https:\/\/www.fatihmakina.com\/#website"},"datePublished":"2019-02-01T06:06:41+00:00","dateModified":"2022-12-31T23:56:36+00:00","breadcrumb":{"@id":"https:\/\/www.fatihmakina.com\/en\/kurumsal\/#breadcrumb"},"inLanguage":"en-US","potentialAction":[{"@type":"ReadAction","target":["https:\/\/www.fatihmakina.com\/en\/kurumsal\/"]}]},{"@type":"BreadcrumbList","@id":"https:\/\/www.fatihmakina.com\/en\/kurumsal\/#breadcrumb","itemListElement":[{"@type":"ListItem","position":1,"name":"Anasayfa","item":"https:\/\/www.fatihmakina.com\/"},{"@type":"ListItem","position":2,"name":"Kurumsal"}]},{"@type":"WebSite","@id":"https:\/\/www.fatihmakina.com\/#website","url":"https:\/\/www.fatihmakina.com\/","name":"Fatih Makina I Ah\u015fap \u0130\u015flemenin Her Alan\u0131nda","description":"","publisher":{"@id":"https:\/\/www.fatihmakina.com\/#organization"},"potentialAction":[{"@type":"SearchAction","target":{"@type":"EntryPoint","urlTemplate":"https:\/\/www.fatihmakina.com\/?s={search_term_string}"},"query-input":"required name=search_term_string"}],"inLanguage":"en-US"},{"@type":"Organization","@id":"https:\/\/www.fatihmakina.com\/#organization","name":"Fatih Makina I Ah\u015fap \u0130\u015flemenin Her Alan\u0131nda","url":"https:\/\/www.fatihmakina.com\/","logo":{"@type":"ImageObject","inLanguage":"en-US","@id":"https:\/\/www.fatihmakina.com\/#\/schema\/logo\/image\/","url":"https:\/\/www.fatihmakina.com\/wp-content\/uploads\/2023\/04\/SOSYAL-LOGO.jpg","contentUrl":"https:\/\/www.fatihmakina.com\/wp-content\/uploads\/2023\/04\/SOSYAL-LOGO.jpg","width":800,"height":800,"caption":"Fatih Makina I Ah\u015fap \u0130\u015flemenin Her Alan\u0131nda"},"image":{"@id":"https:\/\/www.fatihmakina.com\/#\/schema\/logo\/image\/"},"sameAs":["https:\/\/www.facebook.com\/fatihmakina","https:\/\/www.instagram.com\/fatihmakinasosyal\/"]}]}},"_links":{"self":[{"href":"https:\/\/www.fatihmakina.com\/en\/wp-json\/wp\/v2\/pages\/424","targetHints":{"allow":["GET"]}}],"collection":[{"href":"https:\/\/www.fatihmakina.com\/en\/wp-json\/wp\/v2\/pages"}],"about":[{"href":"https:\/\/www.fatihmakina.com\/en\/wp-json\/wp\/v2\/types\/page"}],"author":[{"embeddable":true,"href":"https:\/\/www.fatihmakina.com\/en\/wp-json\/wp\/v2\/users\/1"}],"replies":[{"embeddable":true,"href":"https:\/\/www.fatihmakina.com\/en\/wp-json\/wp\/v2\/comments?post=424"}],"version-history":[{"count":2,"href":"https:\/\/www.fatihmakina.com\/en\/wp-json\/wp\/v2\/pages\/424\/revisions"}],"predecessor-version":[{"id":3945,"href":"https:\/\/www.fatihmakina.com\/en\/wp-json\/wp\/v2\/pages\/424\/revisions\/3945"}],"wp:attachment":[{"href":"https:\/\/www.fatihmakina.com\/en\/wp-json\/wp\/v2\/media?parent=424"}],"curies":[{"name":"wp","href":"https:\/\/api.w.org\/{rel}","templated":true}]}}